{"id":4072,"date":"2024-01-16T11:53:41","date_gmt":"2024-01-16T11:53:41","guid":{"rendered":"https:\/\/augustfest.ee\/?page_id=4072"},"modified":"2024-08-24T21:09:02","modified_gmt":"2024-08-24T21:09:02","slug":"muugitingimused","status":"publish","type":"page","link":"https:\/\/augustfest.ee\/en\/muugitingimused\/","title":{"rendered":"M\u00fc\u00fcgitingimused"},"content":{"rendered":"\t\t<div data-elementor-type=\"wp-page\" data-elementor-id=\"4072\" class=\"elementor elementor-4072\" data-elementor-post-type=\"page\">\n\t\t\t\t<div class=\"elementor-element elementor-element-25c3bb2 e-flex e-con-boxed e-con e-parent\" data-id=\"25c3bb2\" data-element_type=\"container\" data-e-type=\"container\">\n\t\t\t\t\t<div class=\"e-con-inner\">\n\t\t<div class=\"elementor-element elementor-element-4a3f9ee e-grid e-con-boxed e-con e-child\" data-id=\"4a3f9ee\" data-element_type=\"container\" data-e-type=\"container\">\n\t\t\t\t\t<div class=\"e-con-inner\">\n\t\t\t\t<div class=\"elementor-element elementor-element-6823d20 elementor-widget elementor-widget-text-editor\" data-id=\"6823d20\" data-element_type=\"widget\" data-e-type=\"widget\" data-widget_type=\"text-editor.default\">\n\t\t\t\t<div class=\"elementor-widget-container\">\n\t\t\t\t\t\t\t\t\t<h1>M\u00dc\u00dcGITINGIMUSED<\/h1><div>\u00a0<\/div><p>Veebipoe Augustfest.ee (edaspidi Veebipood) omanik on EMG Solutions O\u00dc (registrikood 12890693),<\/p><p>asukohaga P\u00e4rnu, Oja tn 116-15<\/p><p>M\u00fc\u00fcgilepingu kehtivus, kauba- ja hinnainfo<\/p><p>M\u00fc\u00fcgitingimused kehtivad Veebipoest kaupade ostmisel.<\/p><p>EMG Solutions O\u00dc on isikuandmete vastutav t\u00f6\u00f6tleja, EMG Solutions O\u00dc edastab maksete teostamiseks vajalikud isikuandmed volitatud t\u00f6\u00f6tleja Montonio Finance O\u00dc\u2019le<\/p><h3>1. Tooted ja ostu sooritamine<\/h3><div>\u00a0<\/div><p>1.1. Tellimuse vormistamine.<\/p><p>Kauba tellimiseks tuleb lisada soovitud tooted ostukorvi. Tellimuse vormistamiseks tuleb t\u00e4ita n\u00f5utud andmev\u00e4ljad ning valida sobiv toodete kohaletoimetamise viis. Seej\u00e4rel kuvatakse ekraanile tasu suurus, mille saab tasuda pangalingi kaudu v\u00f5i muu makselahenduse abil.<\/p><p>1.2. Teenuse kasutaja valib v\u00e4lja soovitud tooted ning seej\u00e4rel kohustub sisestama tellimuse t\u00e4itmiseks n\u00f5utud andmed (perekonnanimi, eesnimi, kontakttelefon, kontakt elektronpost) ning tasub toodete eest internetipanga pangalingi vahendusel v\u00f5i arve \u00fclekandega.<\/p><p>1.3. Teenuse kasutaja kohustub esitama vormistamisel t\u00f5esed andmed, mis on vajalikud tellimuse t\u00e4itmiseks. Teenuse osutaja ei vastuta t\u00e4itmisel Teenuse kasutaja poolt esitatud ebakorrektsetest andmetest tingitud tellimuse mitte t\u00e4itmise v\u00f5i mistahes sellest tulenevate tagaj\u00e4rgede eest.<\/p><p>1.4. M\u00fc\u00fck toimub ja v\u00f5la\u00f5iguslik leping j\u00f5ustub siis, kui Teenuse kasutaja on tasunud tellimuse eest panga\u00fclekandega kasutades E-poes olevat pangalinki v\u00f5i teinud \u00fclekande v\u00e4ljastatud arve alusel.<\/p><p>1.5. Kuvatavad tooted on reeglina laos olemas. Kuvatud toodete saadavus v\u00f5ib muutuda tehniliste probleemide t\u00f5ttu lao v\u00f5i E-poe programmides.<\/p><p>1.6. Kui toode puudub laost, siis tellimust ei ole v\u00f5imalik t\u00e4ita. Sel juhtumil v\u00f5tab E-poe t\u00f6\u00f6taja kasutajaga \u00fchendust ja pakub v\u00e4lja v\u00f5imaliku uue tarneaja, toote asendamise samav\u00e4\u00e4rse teise tootega, mis on sama hinna ja kvaliteediga v\u00f5i tagastab Teenuse kasutajale raha hiljemalt 14 p\u00e4eva jooksul.<\/p><p>1.7. Kuvatud tootepildid on illustratiivse t\u00e4hendusega ning v\u00f5ivad erineda tegelikust tootest. Teenuse osutaja annab endast parima, et kuvada v\u00f5imalikult head ja korrektset tootekirjeldust, kuid vaatamata sellele, e-poes olevad tootekirjeldused ei pruugi olla ammendavad ja v\u00f5ivad sisaldada tahtmatuid vigu.<\/p><p>1.8. E-poes pakutavaid tooteid m\u00fc\u00fcakse nii f\u00fc\u00fcsilistele kui ka juriidilistele isikutele.<\/p><h3>2. Hinnad<\/h3><div>\u00a0<\/div><p>2.1. K\u00f5ik E-poes olevad hinnad on eurodes ja ei sisalda k\u00e4ibemaksu.<\/p><p>2.2. Teenuse osutajal on \u00f5igus igal ajal muuta kuvatavaid hindu. Kui E-poes kasutaja esitas ja tasus tellimuse siis kohustub Teenuse osutaja tarnima kasutajale vastavad tooted tellimuse hetkel kehtinud hindadega.<\/p><p>2.3. Teenuse osutajal on \u00f5igus loobuda tellimuse t\u00e4itmisest tehnilise vea olemasolul, mille t\u00f5ttu on E-poes toote hind olnud ekslik.<\/p><h3>3. Tarneaeg ja kohaletoimetamise tingimused<\/h3><div>\u00a0<\/div><p>3.1. Eestis toimetatakse kaubad teenuse kasutajani Omniva\/Itella pakiautomaadi kaudu, saaja kulul. Rahvusvahelised saadetised toimetatakse kohale poolte kokkuleppel.<\/p><p>3.2. Eestisisesed saadetised j\u00f5uavad \u00fcldjuhul ostja m\u00e4\u00e4ratud sihtpunkti 2-4 t\u00f6\u00f6p\u00e4eva jooksul alates m\u00fc\u00fcgilepingu j\u00f5ustumisest. Kui kaup tuleb tellida v\u00e4ljastpoolt Eestit v\u00f5ib tarne kliendini olla 5-14 t\u00f6\u00f6p\u00e4eva. Erandlikel juhtumitel on \u00f5igus kaup kohale toimetada kuni 45 kalendrip\u00e4eva jooksul.<\/p><p>3.3. Veebipoes m\u00fc\u00fcdavate toodete hinnad on m\u00e4rgitud toodete juurde. Transpordi eest tasutakse kassas koos toodetega.<\/p><h3>4. Soodustus<\/h3><div>\u00a0<\/div><p>4.1. Ostukorvis oleva sooduskupongi lahtrisse \u00f5ige suuduskupongi koodi lisades saate kauba kogumaksumusest vastava summa alla v\u00f5i siis % olenevalt kuidas sooduskupong on m\u00e4\u00e4ratud.<\/p><p>4.2. Sooduskuponge v\u00f5ib leida meie facebookis korraldavate kampaaniate postitustelt, auto\u00fcritustel jagatavate flaierite vahelt, ostes tooteid kampaania ajal saadame kupongid koos tootega teile.<\/p>\t\t\t\t\t\t\t\t<\/div>\n\t\t\t\t<\/div>\n\t\t\t\t\t<\/div>\n\t\t\t\t<\/div>\n\t\t\t\t<div class=\"elementor-element elementor-element-34ebdb8 elementor-widget elementor-widget-spacer\" data-id=\"34ebdb8\" data-element_type=\"widget\" data-e-type=\"widget\" data-widget_type=\"spacer.default\">\n\t\t\t\t<div class=\"elementor-widget-container\">\n\t\t\t\t\t\t\t<div class=\"elementor-spacer\">\n\t\t\t<div class=\"elementor-spacer-inner\"><\/div>\n\t\t<\/div>\n\t\t\t\t\t\t<\/div>\n\t\t\t\t<\/div>\n\t\t\t\t<div class=\"elementor-element elementor-element-554dc20 elementor-widget elementor-widget-text-editor\" data-id=\"554dc20\" data-element_type=\"widget\" data-e-type=\"widget\" data-widget_type=\"text-editor.default\">\n\t\t\t\t<div class=\"elementor-widget-container\">\n\t\t\t\t\t\t\t\t\t<h1>TAGANEMIS\u00d5IGUS<\/h1><p class=\"MsoNormal\">P\u00e4rast tellimuse k\u00e4ttesaamist on ostjal \u00f5igus e-poes s\u00f5lmitud lepingust taganeda 14 p\u00e4eva jooksul [olenevalt toodetest ei pruugi ostjal<br \/>taganemise \u00f5igust olla, vastavad tooted ja teenused tuleb sellisel juhul loetleda ning need peavad vastama v\u00f5la\u00f5igusseaduse \u00a7 53 lg-s 4 loetletud tingimustele].<\/p><p class=\"MsoNormal\">Taganemis\u00f5igus ei kohaldu, kui ostjaks on juriidiline isik.<\/p><p class=\"MsoNormal\">14-p\u00e4evase tagastamis\u00f5iguse kasutamiseks ei tohi tellitud kaupa kasutada muul viisil kui on vajalik kauba olemuses, omadustes ja toimimises veendumiseks viisil nagu see on lubatud kauba testimiseks f\u00fc\u00fcsilises poes.<\/p><p class=\"MsoNormal\">Kui kaupa on kasutatud muuks otstarbeks kui on vajalik kauba olemuses, omadustes ja toimimises veendumiseks v\u00f5i sellel on kasutamise v\u00f5i kulumise m\u00e4rke, on Veebipoel \u00f5igus alandada tagastatavat tasu vastavalt kauba v\u00e4\u00e4rtuse v\u00e4henemisele.<\/p><p class=\"MsoNormal\">Kauba tagastamiseks tuleb esitada kauba ostmisest taganemise avaldus ning saata see e-posti aadressile emgsolutionsou@gmail.com hiljemalt 14 p\u00e4eva jooksul kauba k\u00e4ttesaamisest.<\/p><p class=\"MsoNormal\">Kauba tagastamise kulud kannab ostja, v\u00e4lja arvatud juhul, kui tagastamise p\u00f5hjus seisneb asjaolus, et tagastamisele kuuluv asi ei vasta tellitule (nt vale v\u00f5i defektiga toode).<\/p><p class=\"MsoNormal\">Ostja peab kauba tagastama avalduse esitamisele j\u00e4rgneva 14 p\u00e4eva jooksul v\u00f5i esitama t\u00f5endi, et ta on eelnimetatud perioodi jooksul kauba \u00fcle andnud kauba vedajale.<\/p><p class=\"MsoNormal\">Veebipood tagastab tagastatava kauba k\u00e4ttesaamisel ostjale viivitamata, kuid mitte hiljem kui 14 p\u00e4eva m\u00f6\u00f6dumisel arvates taganemisavalduse saamisest, k\u00f5ik ostjalt lepingu alusel saadud tasud.<\/p><p class=\"MsoNormal\">Veebipood v\u00f5ib keelduda tagasimaksete tegemisest seni, kuni on lepingu esemeks oleva asja tagasi saanud v\u00f5i kuni ostja on esitanud t\u00f5endid, et on asja tagasi saatnud, s\u00f5ltuvalt sellest, kumb toimub varem.<\/p><p class=\"MsoNormal\">Kui ostja on s\u00f5naselgelt valinud Veebipoe pakutud k\u00f5ige odavamast tavap\u00e4rasest asja k\u00e4ttetoimetamise viisist erineva k\u00e4ttetoimetamise viisi, ei pea Veebipood tarbijale tagastama kulu, mis \u00fcletab tavap\u00e4rase k\u00e4ttetoimetamise viisiga seotud kulu.<\/p><p class=\"MsoNormal\">Veebipoel on \u00f5igus taganeda m\u00fc\u00fcgitehingust ning n\u00f5uda ostjalt tagasi kaup, kui kauba hind veebipoes on eksituse t\u00f5ttu m\u00e4rgitud oluliselt alla kauba turuhinna.<\/p><h3>Pretensiooni esitamise \u00f5igus<\/h3><div>Veebipood vastutab ostjale m\u00fc\u00fcdud kauba lepingutingimustele mittevastavuse v\u00f5i puuduse eest, mis oli olemas juba asja \u00fcleandmise hetkel ning mis ilmneb kuni kahe aasta jooksul, alates kauba \u00fcleandmisest ostjale. Sellest esimese kuue kuu jooksul asja \u00fcleandmisest ostjale eeldatakse, et puudus oli olemas juba asja \u00fcleandmise ajal. Vastava eelduse \u00fcmberl\u00fckkamine on Veebipoe kohustus.<\/div><p class=\"MsoNormal\">Tagasi ei v\u00f5eta tooteid mis on saadetud tootja laost otse kliendini (veljed, rehvid, coiloverid, sport istmed jne.)<\/p><p class=\"MsoNormal\">V\u00e4rvimist (v\u00f5i muul moel t\u00f6\u00f6tlust) vajavate toodete (nt keredetailid) puhul tuleb enne v\u00e4rvimist testida sobivust teie s\u00f5idukiga, v\u00e4rvitud v\u00f5i muul moel t\u00f6\u00f6deldud tooteid tagasi ei v\u00f5eta.<\/p><p class=\"MsoNormal\">Ostjal on \u00f5igus puuduse ilmnemisel p\u00f6\u00f6rduda hiljemalt kahe kuu jooksul veebipoe poole, saates e-kirja aadressile emgsolutionsou@gmail.com v\u00f5i helistada telefonil: +372 56846122.<\/p><p class=\"MsoNormal\">Veebipood ei vastuta puuduste eest, mis on tekkinud p\u00e4rast kauba \u00fcleandmist ostjale.<\/p><p class=\"MsoNormal\">Kui Veebipoest ostetud kaubal on puudused, mille eest Veebipood vastutab, parandab v\u00f5i asendab Veebipood puudusega kauba. Kui kaupa ei ole v\u00f5imalik parandada ega asendada, tagastab Veebipood ostjale k\u00f5ik m\u00fc\u00fcgilepinguga kaasnenud tasud.<\/p><p class=\"MsoNormal\">Veebipood vastab tarbija esitatud kaebusele kirjalikult v\u00f5i kirjalikku taasesitamist v\u00f5imaldavas vormis 15 p\u00e4eva jooksul.<\/p><h3>Otseturustus ja isikuandmete t\u00f6\u00f6tlemine<\/h3><p class=\"MsoNormal\">Veebipood kasutab ostja poolt sisestatud isikuandmeid (sh nimi, telefoninumber, aadress, e-maili aadress, pangarekvisiidid) ainult tellimuse t\u00f6\u00f6tlemiseks ning kauba ostjale saatmiseks.<\/p><p class=\"MsoNormal\">Veebipood edastab isikuandmeid veoteenust pakkuvale ettev\u00f5tetele selleks, et kohale toimetada kaupa.<\/p><h3>Vaidluste lahendamine<\/h3><p class=\"MsoNormal\">Kui ostjal on Veebipoe osas pretensioone, tuleb need saata e-kirja aadressile emgsolutionsou@gmail.com v\u00f5i helistada telefonil: +372 56846122<\/p><p class=\"MsoNormal\">Kui ostja ja Veebipood ei suuda lahenda vaidlust kokkuleppe teel, siis on ostjal v\u00f5imalik p\u00f6\u00f6rduda Tarbijavaidluste komisjoni poole. Menetlustingimustega saab tutvuda ning avaldust esitada siin. Tarbijavaidluste komisjoni p\u00e4devuses on lahendada ostja ja Veebipoe vahel s\u00f5lmitud lepingust tulenevaid vaidlusi. Ostja kaebuse l\u00e4bivaatamine komisjonis on tasuta.<\/p><p class=\"MsoNormal\">Ostja v\u00f5ib p\u00f6\u00f6rduda Euroopa Liidu tarbijavaidlusi lahendava platvormi poole.<\/p><p>\u00a0<\/p><p>Lisainfo:<\/p><p>www.augustfest.ee<\/p><p>Tel : +372 56846122<\/p><p><a href=\"mailto:info@augustfest.ee\">info@augustfest.ee<\/a><\/p>\t\t\t\t\t\t\t\t<\/div>\n\t\t\t\t<\/div>\n\t\t\t\t\t<\/div>\n\t\t\t\t<\/div>\n\t\t\t\t<\/div>\n\t\t","protected":false},"excerpt":{"rendered":"<p>M\u00dc\u00dcGITINGIMUSED \u00a0 Veebipoe Augustfest.ee (edaspidi Veebipood) omanik on EMG Solutions O\u00dc &#8230; <\/p>","protected":false},"author":2,"featured_media":0,"parent":0,"menu_order":0,"comment_status":"closed","ping_status":"closed","template":"","meta":{"footnotes":""},"class_list":["post-4072","page","type-page","status-publish","hentry"],"_links":{"self":[{"href":"https:\/\/augustfest.ee\/en\/wp-json\/wp\/v2\/pages\/4072","targetHints":{"allow":["GET"]}}],"collection":[{"href":"https:\/\/augustfest.ee\/en\/wp-json\/wp\/v2\/pages"}],"about":[{"href":"https:\/\/augustfest.ee\/en\/wp-json\/wp\/v2\/types\/page"}],"author":[{"embeddable":true,"href":"https:\/\/augustfest.ee\/en\/wp-json\/wp\/v2\/users\/2"}],"replies":[{"embeddable":true,"href":"https:\/\/augustfest.ee\/en\/wp-json\/wp\/v2\/comments?post=4072"}],"version-history":[{"count":0,"href":"https:\/\/augustfest.ee\/en\/wp-json\/wp\/v2\/pages\/4072\/revisions"}],"wp:attachment":[{"href":"https:\/\/augustfest.ee\/en\/wp-json\/wp\/v2\/media?parent=4072"}],"curies":[{"name":"wp","href":"https:\/\/api.w.org\/{rel}","templated":true}]}}