{"id":13630,"date":"2025-12-01T08:54:56","date_gmt":"2025-12-01T08:54:56","guid":{"rendered":"https:\/\/augustfest.ee\/?post_type=product&#038;p=13630"},"modified":"2026-04-11T18:13:21","modified_gmt":"2026-04-11T18:13:21","slug":"ultimate-vip","status":"publish","type":"product","link":"https:\/\/augustfest.ee\/en\/shop\/ultimate-vip\/","title":{"rendered":"Ultimate  VIP<span class=\"codevz-product-category-after-title\">Ticket<\/span>"},"content":{"rendered":"<div id=\"chat-history\" class=\"chat-history-scroll-container\">\n<div id=\"faf9b6f7fe3cedd2\" class=\"conversation-container message-actions-hover-boundary ng-star-inserted\">\n<div class=\"response-container ng-tns-c2729549742-29 response-container-with-gpi ng-star-inserted response-container-has-multiple-responses\" data-hveid=\"1\">\n<div class=\"presented-response-container ng-tns-c2729549742-29\">\n<div class=\"response-container-content ng-tns-c2729549742-29\">\n<div class=\"response-content ng-tns-c2729549742-29\">\n<div id=\"model-response-message-contentr_faf9b6f7fe3cedd2\" class=\"markdown markdown-main-panel enable-updated-hr-color\" dir=\"ltr\">\n<div id=\"chat-history\" class=\"chat-history-scroll-container\">\n<div id=\"faf9b6f7fe3cedd2\" class=\"conversation-container message-actions-hover-boundary ng-star-inserted\">\n<div class=\"response-container ng-tns-c2729549742-29 response-container-with-gpi ng-star-inserted response-container-has-multiple-responses\" data-hveid=\"1\">\n<div class=\"presented-response-container ng-tns-c2729549742-29\">\n<div class=\"response-container-content ng-tns-c2729549742-29\">\n<div class=\"response-content ng-tns-c2729549742-29\">\n<div id=\"model-response-message-contentr_faf9b6f7fe3cedd2\" class=\"markdown markdown-main-panel enable-updated-hr-color\" dir=\"ltr\">\n<p data-start=\"81\" data-end=\"343\">The perfect Christmas gift for a true car enthusiast!<\/p>\n<p data-start=\"81\" data-end=\"343\">Inside the package you\u2019ll find:<\/p>\n<p data-start=\"81\" data-end=\"343\">Limited edition Augustfest hoodie (only 20 pieces made)<\/p>\n<p data-start=\"81\" data-end=\"343\">VIP weekend ticket for one<\/p>\n<p data-start=\"81\" data-end=\"343\">2 Augustfest stickers<\/p>\n<p data-start=\"81\" data-end=\"343\">2 Monster Energy stickers<\/p>\n<p data-start=\"81\" data-end=\"343\">2 Monster Energy drinks<\/p>\n<p data-start=\"81\" data-end=\"343\">1 Monster Energy keychain<\/p>\n<p data-start=\"81\" data-end=\"343\">The VIP ticket to Augustfest includes:<\/p>\n<p data-start=\"81\" data-end=\"343\">Special lanyard pass (collected on the event day)<\/p>\n<p data-start=\"81\" data-end=\"343\">Drift Taxi voucher for one (collected on the event day)<\/p>\n<p data-start=\"81\" data-end=\"343\">Exclusive VIP area with catering and drinks<\/p>\n<p data-start=\"81\" data-end=\"343\">Priority entry<\/p>\n<p data-start=\"81\" data-end=\"343\">A parking spot in the on-site VIP parking area<\/p>\n<p>NB! Pusa valmib 3-5tp jooksul.<\/p>\n<\/div>\n<\/div>\n<\/div>\n<\/div>\n<\/div>\n<\/div>\n<\/div>\n<\/div>\n<\/div>\n<\/div>\n<\/div>\n<\/div>\n<\/div>\n<\/div>","protected":false},"excerpt":{"rendered":"<p>Ideaalne j\u00f5ulupakk t\u00f5elisele autof\u00e4nnile! Saadetavast pakist leiad: Limited edition Augustfesti pusa &#8230; <\/p>","protected":false},"author":952,"featured_media":13627,"template":"","meta":[],"product_brand":[],"product_cat":[270],"product_tag":[],"class_list":{"0":"post-13630","1":"product","2":"type-product","3":"status-publish","4":"has-post-thumbnail","6":"product_cat-pilet","8":"first","9":"instock","10":"shipping-taxable","11":"purchasable","12":"product-type-simple"},"_links":{"self":[{"href":"https:\/\/augustfest.ee\/en\/wp-json\/wp\/v2\/product\/13630","targetHints":{"allow":["GET"]}}],"collection":[{"href":"https:\/\/augustfest.ee\/en\/wp-json\/wp\/v2\/product"}],"about":[{"href":"https:\/\/augustfest.ee\/en\/wp-json\/wp\/v2\/types\/product"}],"author":[{"embeddable":true,"href":"https:\/\/augustfest.ee\/en\/wp-json\/wp\/v2\/users\/952"}],"version-history":[{"count":2,"href":"https:\/\/augustfest.ee\/en\/wp-json\/wp\/v2\/product\/13630\/revisions"}],"predecessor-version":[{"id":14326,"href":"https:\/\/augustfest.ee\/en\/wp-json\/wp\/v2\/product\/13630\/revisions\/14326"}],"wp:featuredmedia":[{"embeddable":true,"href":"https:\/\/augustfest.ee\/en\/wp-json\/wp\/v2\/media\/13627"}],"wp:attachment":[{"href":"https:\/\/augustfest.ee\/en\/wp-json\/wp\/v2\/media?parent=13630"}],"wp:term":[{"taxonomy":"product_brand","embeddable":true,"href":"https:\/\/augustfest.ee\/en\/wp-json\/wp\/v2\/product_brand?post=13630"},{"taxonomy":"product_cat","embeddable":true,"href":"https:\/\/augustfest.ee\/en\/wp-json\/wp\/v2\/product_cat?post=13630"},{"taxonomy":"product_tag","embeddable":true,"href":"https:\/\/augustfest.ee\/en\/wp-json\/wp\/v2\/product_tag?post=13630"}],"curies":[{"name":"wp","href":"https:\/\/api.w.org\/{rel}","templated":true}]}}