{"id":14024,"date":"2026-01-21T11:17:40","date_gmt":"2026-01-21T11:17:40","guid":{"rendered":"https:\/\/augustfest.ee\/?post_type=product&#038;p=14024"},"modified":"2026-03-29T16:53:07","modified_gmt":"2026-03-29T16:53:07","slug":"partnerala","status":"publish","type":"product","link":"https:\/\/augustfest.ee\/en\/shop\/partnerala\/","title":{"rendered":"Partnerala<span class=\"codevz-product-category-after-title\">Ticket<\/span>"},"content":{"rendered":"","protected":false},"excerpt":{"rendered":"<p data-start=\"55\" data-end=\"255\">Garaa\u017eiboksi ees olev ala on m\u00f5\u00f5tmetega <strong data-start=\"95\" data-end=\"116\">7,5 &#8230; <\/p>","protected":false},"author":952,"featured_media":14056,"template":"","meta":[],"product_brand":[],"product_cat":[270],"product_tag":[],"class_list":{"0":"post-14024","1":"product","2":"type-product","3":"status-publish","4":"has-post-thumbnail","6":"product_cat-pilet","8":"first","9":"instock","10":"shipping-taxable","11":"purchasable","12":"product-type-variable"},"_links":{"self":[{"href":"https:\/\/augustfest.ee\/en\/wp-json\/wp\/v2\/product\/14024","targetHints":{"allow":["GET"]}}],"collection":[{"href":"https:\/\/augustfest.ee\/en\/wp-json\/wp\/v2\/product"}],"about":[{"href":"https:\/\/augustfest.ee\/en\/wp-json\/wp\/v2\/types\/product"}],"author":[{"embeddable":true,"href":"https:\/\/augustfest.ee\/en\/wp-json\/wp\/v2\/users\/952"}],"version-history":[{"count":1,"href":"https:\/\/augustfest.ee\/en\/wp-json\/wp\/v2\/product\/14024\/revisions"}],"predecessor-version":[{"id":14337,"href":"https:\/\/augustfest.ee\/en\/wp-json\/wp\/v2\/product\/14024\/revisions\/14337"}],"wp:featuredmedia":[{"embeddable":true,"href":"https:\/\/augustfest.ee\/en\/wp-json\/wp\/v2\/media\/14056"}],"wp:attachment":[{"href":"https:\/\/augustfest.ee\/en\/wp-json\/wp\/v2\/media?parent=14024"}],"wp:term":[{"taxonomy":"product_brand","embeddable":true,"href":"https:\/\/augustfest.ee\/en\/wp-json\/wp\/v2\/product_brand?post=14024"},{"taxonomy":"product_cat","embeddable":true,"href":"https:\/\/augustfest.ee\/en\/wp-json\/wp\/v2\/product_cat?post=14024"},{"taxonomy":"product_tag","embeddable":true,"href":"https:\/\/augustfest.ee\/en\/wp-json\/wp\/v2\/product_tag?post=14024"}],"curies":[{"name":"wp","href":"https:\/\/api.w.org\/{rel}","templated":true}]}}