{"id":14212,"date":"2026-03-10T17:08:33","date_gmt":"2026-03-10T17:08:33","guid":{"rendered":"https:\/\/augustfest.ee\/?post_type=product&#038;p=14212"},"modified":"2026-03-29T16:52:40","modified_gmt":"2026-03-29T16:52:40","slug":"kastimeister","status":"publish","type":"product","link":"https:\/\/augustfest.ee\/en\/shop\/kastimeister\/","title":{"rendered":"Kastimeister<span class=\"codevz-product-category-after-title\">Ticket<\/span>"},"content":{"rendered":"<p class=\"isSelectedEnd translation-block\">\ud83d\udd0a <strong>INVITATION: Kastimeister (Box Master) <strong> \ud83d\udd0a<\/p>\n<p class=\"isSelectedEnd translation-block\">If you enjoy building, experimenting, and pushing the limits a little, this event is for you. Kastimeister is where both creativity and nerves are put to the test \u2013 the goal is to build a subwoofer enclosure that produces the highest possible dB.<\/p>\n<p class=\"isSelectedEnd translation-block\">The rules are simple::<br>\n\ud83d\udce6 The maximum external dimensions of the box are predefined.:<br>\n\ud83d\udd27 Everything else is in your hands \u2013 the design, solutions, and ideas.<\/p>\n<p class=\"isSelectedEnd translation-block\">This isn\u2019t just a competition. It\u2019s a day full of sound, building, discussion, and great company. Bring your box, share ideas, see what others have built, and of course try to prove that your solution moves the most air.<\/p>\n<p class=\"isSelectedEnd translation-block\">If you\u2019ve got a crazy idea in your head or just the desire to build something cool, Kastimeister is waiting for you.<\/p>\n<p>Only 25 spots are available for the fastest participants!<\/p>\n<p class=\"translation-block\">Get your tools ready and come see how loud a single box can really speak. \ud83d\udd25<\/p>\n<p>&nbsp;<\/p>\n<p>&nbsp;<\/p>\n<p>&nbsp;<\/p>\n<p>&nbsp;<\/p>\n<p>&nbsp;<\/p>","protected":false},"excerpt":{"rendered":"<p>Pilet tagab ostu\u00f5iguse DD 508e elemendile ja v\u00f5imaluse osaleda Kastimeistri v\u00f5istlusel. &#8230; <\/p>","protected":false},"author":952,"featured_media":14240,"template":"","meta":[],"product_brand":[],"product_cat":[270],"product_tag":[],"class_list":{"0":"post-14212","1":"product","2":"type-product","3":"status-publish","4":"has-post-thumbnail","6":"product_cat-pilet","8":"first","9":"instock","10":"downloadable","11":"virtual","12":"purchasable","13":"product-type-simple"},"_links":{"self":[{"href":"https:\/\/augustfest.ee\/en\/wp-json\/wp\/v2\/product\/14212","targetHints":{"allow":["GET"]}}],"collection":[{"href":"https:\/\/augustfest.ee\/en\/wp-json\/wp\/v2\/product"}],"about":[{"href":"https:\/\/augustfest.ee\/en\/wp-json\/wp\/v2\/types\/product"}],"author":[{"embeddable":true,"href":"https:\/\/augustfest.ee\/en\/wp-json\/wp\/v2\/users\/952"}],"version-history":[{"count":1,"href":"https:\/\/augustfest.ee\/en\/wp-json\/wp\/v2\/product\/14212\/revisions"}],"predecessor-version":[{"id":14336,"href":"https:\/\/augustfest.ee\/en\/wp-json\/wp\/v2\/product\/14212\/revisions\/14336"}],"wp:featuredmedia":[{"embeddable":true,"href":"https:\/\/augustfest.ee\/en\/wp-json\/wp\/v2\/media\/14240"}],"wp:attachment":[{"href":"https:\/\/augustfest.ee\/en\/wp-json\/wp\/v2\/media?parent=14212"}],"wp:term":[{"taxonomy":"product_brand","embeddable":true,"href":"https:\/\/augustfest.ee\/en\/wp-json\/wp\/v2\/product_brand?post=14212"},{"taxonomy":"product_cat","embeddable":true,"href":"https:\/\/augustfest.ee\/en\/wp-json\/wp\/v2\/product_cat?post=14212"},{"taxonomy":"product_tag","embeddable":true,"href":"https:\/\/augustfest.ee\/en\/wp-json\/wp\/v2\/product_tag?post=14212"}],"curies":[{"name":"wp","href":"https:\/\/api.w.org\/{rel}","templated":true}]}}