{"id":8118,"date":"2025-09-02T14:38:14","date_gmt":"2025-09-02T14:38:14","guid":{"rendered":"https:\/\/augustfest.ee\/?post_type=product&#038;p=8118"},"modified":"2026-03-29T16:53:26","modified_gmt":"2026-03-29T16:53:26","slug":"visitor-sunday","status":"publish","type":"product","link":"https:\/\/augustfest.ee\/en\/shop\/visitor-sunday\/","title":{"rendered":"Visitor - Sunday<span class=\"codevz-product-category-after-title\">Ticket<\/span>"},"content":{"rendered":"<p>Pilet sisaldab sissep\u00e4\u00e4su \u00fcritusele 23.08.<\/p>\n<p>Ostes 5 piletit, saab \u00fche tasuta!<\/p>","protected":false},"excerpt":{"rendered":"<p>Pilet sisaldab sissep\u00e4\u00e4su \u00fcritusele 23.08. Ostes 5 piletit, saab \u00fche tasuta! &#8230; <\/p>","protected":false},"author":2,"featured_media":13454,"template":"","meta":[],"product_brand":[],"product_cat":[270],"product_tag":[],"class_list":{"0":"post-8118","1":"product","2":"type-product","3":"status-publish","4":"has-post-thumbnail","6":"product_cat-pilet","8":"first","9":"instock","10":"downloadable","11":"virtual","12":"purchasable","13":"product-type-simple"},"_links":{"self":[{"href":"https:\/\/augustfest.ee\/en\/wp-json\/wp\/v2\/product\/8118","targetHints":{"allow":["GET"]}}],"collection":[{"href":"https:\/\/augustfest.ee\/en\/wp-json\/wp\/v2\/product"}],"about":[{"href":"https:\/\/augustfest.ee\/en\/wp-json\/wp\/v2\/types\/product"}],"author":[{"embeddable":true,"href":"https:\/\/augustfest.ee\/en\/wp-json\/wp\/v2\/users\/2"}],"version-history":[{"count":1,"href":"https:\/\/augustfest.ee\/en\/wp-json\/wp\/v2\/product\/8118\/revisions"}],"predecessor-version":[{"id":14339,"href":"https:\/\/augustfest.ee\/en\/wp-json\/wp\/v2\/product\/8118\/revisions\/14339"}],"wp:featuredmedia":[{"embeddable":true,"href":"https:\/\/augustfest.ee\/en\/wp-json\/wp\/v2\/media\/13454"}],"wp:attachment":[{"href":"https:\/\/augustfest.ee\/en\/wp-json\/wp\/v2\/media?parent=8118"}],"wp:term":[{"taxonomy":"product_brand","embeddable":true,"href":"https:\/\/augustfest.ee\/en\/wp-json\/wp\/v2\/product_brand?post=8118"},{"taxonomy":"product_cat","embeddable":true,"href":"https:\/\/augustfest.ee\/en\/wp-json\/wp\/v2\/product_cat?post=8118"},{"taxonomy":"product_tag","embeddable":true,"href":"https:\/\/augustfest.ee\/en\/wp-json\/wp\/v2\/product_tag?post=8118"}],"curies":[{"name":"wp","href":"https:\/\/api.w.org\/{rel}","templated":true}]}}